{"id":1039,"date":"2021-10-31T18:34:34","date_gmt":"2021-10-31T18:34:34","guid":{"rendered":"https:\/\/laconciergeriedefrancoise.com\/?page_id=1039"},"modified":"2021-11-03T15:14:26","modified_gmt":"2021-11-03T15:14:26","slug":"vous-etes-proprietaire","status":"publish","type":"page","link":"https:\/\/laconciergeriedefrancoise.com\/?page_id=1039","title":{"rendered":"Vous \u00eates propri\u00e9taire"},"content":{"rendered":"\t\t<div data-elementor-type=\"wp-page\" data-elementor-id=\"1039\" class=\"elementor elementor-1039\">\n\t\t\t\t\t\t<section class=\"elementor-section elementor-top-section elementor-element elementor-element-4dd3200 elementor-section-boxed elementor-section-height-default elementor-section-height-default\" data-id=\"4dd3200\" data-element_type=\"section\">\n\t\t\t\t\t\t<div class=\"elementor-container elementor-column-gap-default\">\n\t\t\t\t\t<div class=\"elementor-column elementor-col-100 elementor-top-column elementor-element elementor-element-7a8d3001\" data-id=\"7a8d3001\" data-element_type=\"column\">\n\t\t\t<div class=\"elementor-widget-wrap elementor-element-populated\">\n\t\t\t\t\t\t<div class=\"elementor-element elementor-element-52d2a461 elementor-widget elementor-widget-heading\" data-id=\"52d2a461\" data-element_type=\"widget\" data-widget_type=\"heading.default\">\n\t\t\t\t<div class=\"elementor-widget-container\">\n\t\t\t\t\t<h1 class=\"elementor-heading-title elementor-size-default\">Vous \u00eates propri\u00e9taire !<\/h1>\t\t\t\t<\/div>\n\t\t\t\t<\/div>\n\t\t\t\t\t<\/div>\n\t\t<\/div>\n\t\t\t\t\t<\/div>\n\t\t<\/section>\n\t\t\t\t<section class=\"elementor-section elementor-top-section elementor-element elementor-element-1c7f0846 elementor-section-height-min-height elementor-section-items-top elementor-section-boxed elementor-section-height-default\" data-id=\"1c7f0846\" data-element_type=\"section\" data-settings=\"{&quot;background_background&quot;:&quot;classic&quot;}\">\n\t\t\t\t\t\t\t<div class=\"elementor-background-overlay\"><\/div>\n\t\t\t\t\t\t\t<div class=\"elementor-container elementor-column-gap-default\">\n\t\t\t\t\t<div class=\"elementor-column elementor-col-50 elementor-top-column elementor-element elementor-element-9ec3e22\" data-id=\"9ec3e22\" data-element_type=\"column\">\n\t\t\t<div class=\"elementor-widget-wrap\">\n\t\t\t\t\t\t\t<\/div>\n\t\t<\/div>\n\t\t\t\t<div class=\"elementor-column elementor-col-50 elementor-top-column elementor-element elementor-element-3d672ee4\" data-id=\"3d672ee4\" data-element_type=\"column\">\n\t\t\t<div class=\"elementor-widget-wrap elementor-element-populated\">\n\t\t\t\t\t\t<div class=\"elementor-element elementor-element-2c067fee elementor-widget elementor-widget-heading\" data-id=\"2c067fee\" data-element_type=\"widget\" data-widget_type=\"heading.default\">\n\t\t\t\t<div class=\"elementor-widget-container\">\n\t\t\t\t\t<h5 class=\"elementor-heading-title elementor-size-medium\">Rentabilit\u00e9<\/h5>\t\t\t\t<\/div>\n\t\t\t\t<\/div>\n\t\t\t\t<div class=\"elementor-element elementor-element-7a658e58 elementor-widget elementor-widget-text-editor\" data-id=\"7a658e58\" data-element_type=\"widget\" data-widget_type=\"text-editor.default\">\n\t\t\t\t<div class=\"elementor-widget-container\">\n\t\t\t\t\t\t\t\t\t<h4>Selon l&#8217;emplacement et l&rsquo;\u00e9tat de votre bien, il est possible d\u2019obtenir une excellente rentabilit\u00e9 en location saisonni\u00e8re et \u00e0 multiplier \u00a0vos loyers par trois\u00a0\u00a0par rapport \u00e0 la location traditionnelle.<\/h4>\t\t\t\t\t\t\t\t<\/div>\n\t\t\t\t<\/div>\n\t\t\t\t\t<\/div>\n\t\t<\/div>\n\t\t\t\t\t<\/div>\n\t\t<\/section>\n\t\t\t\t<section class=\"elementor-section elementor-top-section elementor-element elementor-element-458e8d74 elementor-section-boxed elementor-section-height-default elementor-section-height-default\" data-id=\"458e8d74\" data-element_type=\"section\" data-settings=\"{&quot;background_background&quot;:&quot;classic&quot;}\">\n\t\t\t\t\t\t\t<div class=\"elementor-background-overlay\"><\/div>\n\t\t\t\t\t\t\t<div class=\"elementor-container elementor-column-gap-default\">\n\t\t\t\t\t<div class=\"elementor-column elementor-col-100 elementor-top-column elementor-element elementor-element-139273b0\" data-id=\"139273b0\" data-element_type=\"column\">\n\t\t\t<div class=\"elementor-widget-wrap elementor-element-populated\">\n\t\t\t\t\t\t<div class=\"elementor-element elementor-element-1823025c elementor-widget elementor-widget-heading\" data-id=\"1823025c\" data-element_type=\"widget\" data-widget_type=\"heading.default\">\n\t\t\t\t<div class=\"elementor-widget-container\">\n\t\t\t\t\t<h5 class=\"elementor-heading-title elementor-size-medium\">Cr\u00e9ation d'un revenu suppl\u00e9mentaire<\/h5>\t\t\t\t<\/div>\n\t\t\t\t<\/div>\n\t\t\t\t<div class=\"elementor-element elementor-element-e2bbfdd elementor-widget elementor-widget-text-editor\" data-id=\"e2bbfdd\" data-element_type=\"widget\" data-widget_type=\"text-editor.default\">\n\t\t\t\t<div class=\"elementor-widget-container\">\n\t\t\t\t\t\t\t\t\t<h4>D\u00e9duction faite, il vous restera un montant positif vous permettantde d\u00e9gager un revenu suppl\u00e9mentaire et de rentabilier votre investissement.<\/h4>\t\t\t\t\t\t\t\t<\/div>\n\t\t\t\t<\/div>\n\t\t\t\t\t<\/div>\n\t\t<\/div>\n\t\t\t\t\t<\/div>\n\t\t<\/section>\n\t\t\t\t<section class=\"elementor-section elementor-top-section elementor-element elementor-element-72cfa139 elementor-section-boxed elementor-section-height-default elementor-section-height-default\" data-id=\"72cfa139\" data-element_type=\"section\" data-settings=\"{&quot;background_background&quot;:&quot;classic&quot;}\">\n\t\t\t\t\t\t\t<div class=\"elementor-background-overlay\"><\/div>\n\t\t\t\t\t\t\t<div class=\"elementor-container elementor-column-gap-default\">\n\t\t\t\t\t<div class=\"elementor-column elementor-col-100 elementor-top-column elementor-element elementor-element-45846dc9\" data-id=\"45846dc9\" data-element_type=\"column\">\n\t\t\t<div class=\"elementor-widget-wrap elementor-element-populated\">\n\t\t\t\t\t\t<div class=\"elementor-element elementor-element-5935ac9a elementor-widget elementor-widget-heading\" data-id=\"5935ac9a\" data-element_type=\"widget\" data-widget_type=\"heading.default\">\n\t\t\t\t<div class=\"elementor-widget-container\">\n\t\t\t\t\t<h5 class=\"elementor-heading-title elementor-size-medium\">Certitude d'\u00eatre pay\u00e9<\/h5>\t\t\t\t<\/div>\n\t\t\t\t<\/div>\n\t\t\t\t<div class=\"elementor-element elementor-element-465e6cfb elementor-widget elementor-widget-text-editor\" data-id=\"465e6cfb\" data-element_type=\"widget\" data-widget_type=\"text-editor.default\">\n\t\t\t\t<div class=\"elementor-widget-container\">\n\t\t\t\t\t\t\t\t\t<div id=\"comp-ko77x61b7\" class=\"_1Q9if\" data-testid=\"richTextElement\"><h4 class=\"font_9\"><span class=\"color_11\">Avec ce syst\u00e8me, le locataire doit payer int\u00e9gralement \u00a0AVANT<\/span><\/h4><h4 class=\"font_9\"><span class=\"color_11\"> son entr\u00e9e dans les lieux. Plus d\u2019inqui\u00e9tude, plus de loyers impay\u00e9s.<\/span><\/h4><\/div>\t\t\t\t\t\t\t\t<\/div>\n\t\t\t\t<\/div>\n\t\t\t\t\t<\/div>\n\t\t<\/div>\n\t\t\t\t\t<\/div>\n\t\t<\/section>\n\t\t\t\t<section class=\"elementor-section elementor-top-section elementor-element elementor-element-7c4c9b18 elementor-section-height-min-height elementor-section-boxed elementor-section-height-default elementor-section-items-middle\" data-id=\"7c4c9b18\" data-element_type=\"section\" data-settings=\"{&quot;background_background&quot;:&quot;classic&quot;}\">\n\t\t\t\t\t\t<div class=\"elementor-container elementor-column-gap-default\">\n\t\t\t\t\t<div class=\"elementor-column elementor-col-100 elementor-top-column elementor-element elementor-element-6b031f3\" data-id=\"6b031f3\" data-element_type=\"column\">\n\t\t\t<div class=\"elementor-widget-wrap elementor-element-populated\">\n\t\t\t\t\t\t<div class=\"elementor-element elementor-element-64a2b9c5 elementor-widget elementor-widget-heading\" data-id=\"64a2b9c5\" data-element_type=\"widget\" data-widget_type=\"heading.default\">\n\t\t\t\t<div class=\"elementor-widget-container\">\n\t\t\t\t\t<h5 class=\"elementor-heading-title elementor-size-medium\">Libert\u00e9<\/h5>\t\t\t\t<\/div>\n\t\t\t\t<\/div>\n\t\t\t\t<div class=\"elementor-element elementor-element-589134aa elementor-widget elementor-widget-text-editor\" data-id=\"589134aa\" data-element_type=\"widget\" data-widget_type=\"text-editor.default\">\n\t\t\t\t<div class=\"elementor-widget-container\">\n\t\t\t\t\t\t\t\t\t<div id=\"comp-ko77x61b7\" class=\"_1Q9if\" data-testid=\"richTextElement\"><h4 class=\"font_9\">Vous \u00eates ma\u00eetre de la gestion de votre calendrier de location, et d\u00e9cidez vous-m\u00eame du choix des nuits \u00e0 louer ou non.<br \/>Vous d\u00e9cidez du moment de la mise en location et vous r\u00e9cup\u00e9rez votre bien quand vous le souhaitez.<\/h4><\/div>\t\t\t\t\t\t\t\t<\/div>\n\t\t\t\t<\/div>\n\t\t\t\t\t<\/div>\n\t\t<\/div>\n\t\t\t\t\t<\/div>\n\t\t<\/section>\n\t\t\t\t<section class=\"elementor-section elementor-top-section elementor-element elementor-element-512a72b8 elementor-section-height-min-height elementor-section-boxed elementor-section-height-default elementor-section-items-middle\" data-id=\"512a72b8\" data-element_type=\"section\" data-settings=\"{&quot;background_background&quot;:&quot;classic&quot;}\">\n\t\t\t\t\t\t\t<div class=\"elementor-background-overlay\"><\/div>\n\t\t\t\t\t\t\t<div class=\"elementor-container elementor-column-gap-default\">\n\t\t\t\t\t<div class=\"elementor-column elementor-col-50 elementor-top-column elementor-element elementor-element-898e0e8\" data-id=\"898e0e8\" data-element_type=\"column\">\n\t\t\t<div class=\"elementor-widget-wrap\">\n\t\t\t\t\t\t\t<\/div>\n\t\t<\/div>\n\t\t\t\t<div class=\"elementor-column elementor-col-50 elementor-top-column elementor-element elementor-element-61bb2277\" data-id=\"61bb2277\" data-element_type=\"column\">\n\t\t\t<div class=\"elementor-widget-wrap elementor-element-populated\">\n\t\t\t\t\t\t<div class=\"elementor-element elementor-element-56835eaa elementor-widget elementor-widget-heading\" data-id=\"56835eaa\" data-element_type=\"widget\" data-widget_type=\"heading.default\">\n\t\t\t\t<div class=\"elementor-widget-container\">\n\t\t\t\t\t<h5 class=\"elementor-heading-title elementor-size-medium\">Fiscalit\u00e9<\/h5>\t\t\t\t<\/div>\n\t\t\t\t<\/div>\n\t\t\t\t<div class=\"elementor-element elementor-element-c44ecec elementor-widget elementor-widget-text-editor\" data-id=\"c44ecec\" data-element_type=\"widget\" data-widget_type=\"text-editor.default\">\n\t\t\t\t<div class=\"elementor-widget-container\">\n\t\t\t\t\t\t\t\t\t<div id=\"comp-ko77x61b7\" class=\"_1Q9if\" data-testid=\"richTextElement\">\n<h4 class=\"font_9\">En faisant de la location courte dur\u00e9e, vous obtiendrez le statut de Loueur Meubl\u00e9 (Professionnel ou non).\nPour b\u00e9n\u00e9ficier d\u2019un abattement forfaitaire de 50% sur vos recettes \u00a0vous ne devez pas d\u00e9passer 32 900 \u20ac de revenus locatifs annuels. vous pouvez opter pour le r\u00e9gime du r\u00e9el et vous pourrez d\u00e9duire toutes vos charges de vos revenus locatifs (int\u00e9r\u00eats d\u2019emprunt, charges de copropri\u00e9t\u00e9, travaux, etc.).<\/h4>\n<\/div>\t\t\t\t\t\t\t\t<\/div>\n\t\t\t\t<\/div>\n\t\t\t\t\t<\/div>\n\t\t<\/div>\n\t\t\t\t\t<\/div>\n\t\t<\/section>\n\t\t\t\t<\/div>\n\t\t","protected":false},"excerpt":{"rendered":"<p>Vous \u00eates propri\u00e9taire ! Rentabilit\u00e9 Selon l&#8217;emplacement et l&rsquo;\u00e9tat de votre bien, il est possible d\u2019obtenir une excellente rentabilit\u00e9 en location saisonni\u00e8re et \u00e0 multiplier \u00a0vos loyers par trois\u00a0\u00a0par rapport \u00e0 la location traditionnelle. Cr\u00e9ation d&rsquo;un revenu suppl\u00e9mentaire D\u00e9duction faite, il vous restera un montant positif vous permettantde d\u00e9gager un revenu suppl\u00e9mentaire et de rentabilier&hellip; <a class=\"more-link\" href=\"https:\/\/laconciergeriedefrancoise.com\/?page_id=1039\">Poursuivre la lecture <span class=\"screen-reader-text\">Vous \u00eates propri\u00e9taire<\/span><\/a><\/p>\n","protected":false},"author":1,"featured_media":0,"parent":0,"menu_order":0,"comment_status":"closed","ping_status":"closed","template":"elementor_header_footer","meta":{"footnotes":""},"class_list":["post-1039","page","type-page","status-publish","hentry","entry"],"_links":{"self":[{"href":"https:\/\/laconciergeriedefrancoise.com\/index.php?rest_route=\/wp\/v2\/pages\/1039","targetHints":{"allow":["GET"]}}],"collection":[{"href":"https:\/\/laconciergeriedefrancoise.com\/index.php?rest_route=\/wp\/v2\/pages"}],"about":[{"href":"https:\/\/laconciergeriedefrancoise.com\/index.php?rest_route=\/wp\/v2\/types\/page"}],"author":[{"embeddable":true,"href":"https:\/\/laconciergeriedefrancoise.com\/index.php?rest_route=\/wp\/v2\/users\/1"}],"replies":[{"embeddable":true,"href":"https:\/\/laconciergeriedefrancoise.com\/index.php?rest_route=%2Fwp%2Fv2%2Fcomments&post=1039"}],"version-history":[{"count":77,"href":"https:\/\/laconciergeriedefrancoise.com\/index.php?rest_route=\/wp\/v2\/pages\/1039\/revisions"}],"predecessor-version":[{"id":1137,"href":"https:\/\/laconciergeriedefrancoise.com\/index.php?rest_route=\/wp\/v2\/pages\/1039\/revisions\/1137"}],"wp:attachment":[{"href":"https:\/\/laconciergeriedefrancoise.com\/index.php?rest_route=%2Fwp%2Fv2%2Fmedia&parent=1039"}],"curies":[{"name":"wp","href":"https:\/\/api.w.org\/{rel}","templated":true}]}}